{"id":2105,"date":"2024-12-17T17:58:24","date_gmt":"2024-12-17T17:58:24","guid":{"rendered":"https:\/\/quattrobiz.com\/?page_id=2105"},"modified":"2024-12-17T18:13:02","modified_gmt":"2024-12-17T18:13:02","slug":"terminos-y-condiciones","status":"publish","type":"page","link":"https:\/\/quattrobiz.com\/en\/terminos-y-condiciones\/","title":{"rendered":"TERMS AND CONDITIONS"},"content":{"rendered":"<div data-elementor-type=\"wp-page\" data-elementor-id=\"2105\" class=\"elementor elementor-2105\">\n\t\t\t\t<div class=\"elementor-element elementor-element-d6a1d4d e-flex e-con-boxed e-con e-parent\" data-id=\"d6a1d4d\" data-element_type=\"container\">\n\t\t\t\t\t<div class=\"e-con-inner\">\n\t\t\t\t<div class=\"elementor-element elementor-element-69c5b6b elementor-widget elementor-widget-heading\" data-id=\"69c5b6b\" data-element_type=\"widget\" data-widget_type=\"heading.default\">\n\t\t\t\t<div class=\"elementor-widget-container\">\n\t\t\t\t\t<h2 class=\"elementor-heading-title elementor-size-default\">TERMS AND CONDITIONS<\/h2>\t\t\t\t<\/div>\n\t\t\t\t<\/div>\n\t\t\t\t\t<\/div>\n\t\t\t\t<\/div>\n\t\t<div class=\"elementor-element elementor-element-1854fc9 e-flex e-con-boxed e-con e-parent\" data-id=\"1854fc9\" data-element_type=\"container\">\n\t\t\t\t\t<div class=\"e-con-inner\">\n\t\t\t\t<div class=\"elementor-element elementor-element-5f0612f elementor-widget elementor-widget-text-editor\" data-id=\"5f0612f\" data-element_type=\"widget\" data-widget_type=\"text-editor.default\">\n\t\t\t\t<div class=\"elementor-widget-container\">\n\t\t\t\t\t\t\t\t\t<ol><li><span style=\"color: #ffffff;\"><b> Introduction<\/b><span style=\"font-weight: 400;\"> Welcome to our website. By accessing or using our services, you agree to be bound by these Terms and Conditions. If you do not agree with any of these terms, we recommend refraining from using our site.<\/span><\/span><\/li><li><span style=\"color: #ffffff;\"><b> Use of the site<\/b><span style=\"font-weight: 400;\"> 2.1 This website is intended for personal, non-commercial use.\n2.2 You agree to use this site responsibly and in compliance with applicable laws.\n2.3 The use of this site for fraudulent, illegal activities or any actions that could harm our reputation is strictly prohibited.<\/span><\/span><\/li><li><span style=\"color: #ffffff;\"><b> Intellectual property<\/b><span style=\"font-weight: 400;\"> All content on this site, including text, images, graphics, logos, and designs, is owned by us or our licensors and is protected by copyright laws.<\/span><\/span><\/li><li><span style=\"color: #ffffff;\"><b> Limitation of liability<\/b><span style=\"font-weight: 400;\"> We are not responsible for direct, indirect, incidental, or consequential damages arising from the use or inability to use this site.<\/span><\/span><\/li><li><span style=\"color: #ffffff;\"><b> Changes to the terms<\/b><span style=\"font-weight: 400;\"> We reserve the right to modify these Terms and Conditions at any time. Changes will take effect once published on this page.<\/span><\/span><\/li><li><span style=\"color: #ffffff;\"><b> Governing law<\/b><span style=\"font-weight: 400;\"> These Terms are governed by the laws of the country in which we operate. Any disputes will be resolved in the competent courts of that jurisdiction.<\/span><\/span><\/li><\/ol>\t\t\t\t\t\t\t\t<\/div>\n\t\t\t\t<\/div>\n\t\t\t\t\t<\/div>\n\t\t\t\t<\/div>\n\t\t\t\t<\/div>","protected":false},"excerpt":{"rendered":"<p>T\u00c9RMINOS Y CONDICIONES Introducci\u00f3n Bienvenido a nuestro sitio web. Al acceder o utilizar nuestros servicios, usted acepta estar sujeto a estos T\u00e9rminos y Condiciones. Si no est\u00e1 de acuerdo con alguno de los t\u00e9rminos, le recomendamos no utilizar nuestro sitio. Uso del sitio 2.1 Este sitio web est\u00e1 destinado para el uso personal y no [&hellip;]<\/p>","protected":false},"author":1,"featured_media":0,"parent":0,"menu_order":0,"comment_status":"closed","ping_status":"closed","template":"","meta":{"footnotes":""},"class_list":["post-2105","page","type-page","status-publish","hentry"],"blocksy_meta":[],"yoast_head":"<!-- This site is optimized with the Yoast SEO plugin v25.7 - https:\/\/yoast.com\/wordpress\/plugins\/seo\/ -->\n<title>T\u00c9RMINOS Y CONDICIONES<\/title>\n<meta name=\"robots\" content=\"index, follow, max-snippet:-1, max-image-preview:large, max-video-preview:-1\" \/>\n<link rel=\"canonical\" href=\"https:\/\/quattrobiz.com\/en\/terminos-y-condiciones\/\" \/>\n<meta property=\"og:locale\" content=\"en_US\" \/>\n<meta property=\"og:type\" content=\"article\" \/>\n<meta property=\"og:title\" content=\"T\u00c9RMINOS Y CONDICIONES\" \/>\n<meta property=\"og:description\" content=\"T\u00c9RMINOS Y CONDICIONES Introducci\u00f3n Bienvenido a nuestro sitio web. Al acceder o utilizar nuestros servicios, usted acepta estar sujeto a estos T\u00e9rminos y Condiciones. Si no est\u00e1 de acuerdo con alguno de los t\u00e9rminos, le recomendamos no utilizar nuestro sitio. Uso del sitio 2.1 Este sitio web est\u00e1 destinado para el uso personal y no [&hellip;]\" \/>\n<meta property=\"og:url\" content=\"https:\/\/quattrobiz.com\/en\/terminos-y-condiciones\/\" \/>\n<meta property=\"og:site_name\" content=\"Quattro Business\" \/>\n<meta property=\"article:modified_time\" content=\"2024-12-17T18:13:02+00:00\" \/>\n<meta name=\"twitter:card\" content=\"summary_large_image\" \/>\n<meta name=\"twitter:label1\" content=\"Est. reading time\" \/>\n\t<meta name=\"twitter:data1\" content=\"1 minute\" \/>\n<script type=\"application\/ld+json\" class=\"yoast-schema-graph\">{\"@context\":\"https:\/\/schema.org\",\"@graph\":[{\"@type\":\"WebPage\",\"@id\":\"https:\/\/quattrobiz.com\/terminos-y-condiciones\/\",\"url\":\"https:\/\/quattrobiz.com\/terminos-y-condiciones\/\",\"name\":\"T\u00c9RMINOS Y CONDICIONES\",\"isPartOf\":{\"@id\":\"https:\/\/quattrobiz.com\/#website\"},\"datePublished\":\"2024-12-17T17:58:24+00:00\",\"dateModified\":\"2024-12-17T18:13:02+00:00\",\"breadcrumb\":{\"@id\":\"https:\/\/quattrobiz.com\/terminos-y-condiciones\/#breadcrumb\"},\"inLanguage\":\"en-US\",\"potentialAction\":[{\"@type\":\"ReadAction\",\"target\":[\"https:\/\/quattrobiz.com\/terminos-y-condiciones\/\"]}]},{\"@type\":\"BreadcrumbList\",\"@id\":\"https:\/\/quattrobiz.com\/terminos-y-condiciones\/#breadcrumb\",\"itemListElement\":[{\"@type\":\"ListItem\",\"position\":1,\"name\":\"Home\",\"item\":\"https:\/\/quattrobiz.com\/\"},{\"@type\":\"ListItem\",\"position\":2,\"name\":\"T\u00c9RMINOS Y CONDICIONES\"}]},{\"@type\":\"WebSite\",\"@id\":\"https:\/\/quattrobiz.com\/#website\",\"url\":\"https:\/\/quattrobiz.com\/\",\"name\":\"Quattro Business\",\"description\":\"Creando estrategias digitales 360 efectivas\",\"publisher\":{\"@id\":\"https:\/\/quattrobiz.com\/#organization\"},\"potentialAction\":[{\"@type\":\"SearchAction\",\"target\":{\"@type\":\"EntryPoint\",\"urlTemplate\":\"https:\/\/quattrobiz.com\/?s={search_term_string}\"},\"query-input\":{\"@type\":\"PropertyValueSpecification\",\"valueRequired\":true,\"valueName\":\"search_term_string\"}}],\"inLanguage\":\"en-US\"},{\"@type\":\"Organization\",\"@id\":\"https:\/\/quattrobiz.com\/#organization\",\"name\":\"Quattro Business\",\"url\":\"https:\/\/quattrobiz.com\/\",\"logo\":{\"@type\":\"ImageObject\",\"inLanguage\":\"en-US\",\"@id\":\"https:\/\/quattrobiz.com\/#\/schema\/logo\/image\/\",\"url\":\"https:\/\/quattrobiz.com\/wp-content\/uploads\/2024\/12\/ICONO.png\",\"contentUrl\":\"https:\/\/quattrobiz.com\/wp-content\/uploads\/2024\/12\/ICONO.png\",\"width\":512,\"height\":512,\"caption\":\"Quattro Business\"},\"image\":{\"@id\":\"https:\/\/quattrobiz.com\/#\/schema\/logo\/image\/\"}}]}<\/script>\n<!-- \/ Yoast SEO plugin. -->","yoast_head_json":{"title":"TERMS AND CONDITIONS","robots":{"index":"index","follow":"follow","max-snippet":"max-snippet:-1","max-image-preview":"max-image-preview:large","max-video-preview":"max-video-preview:-1"},"canonical":"https:\/\/quattrobiz.com\/en\/terminos-y-condiciones\/","og_locale":"en_US","og_type":"article","og_title":"T\u00c9RMINOS Y CONDICIONES","og_description":"T\u00c9RMINOS Y CONDICIONES Introducci\u00f3n Bienvenido a nuestro sitio web. Al acceder o utilizar nuestros servicios, usted acepta estar sujeto a estos T\u00e9rminos y Condiciones. Si no est\u00e1 de acuerdo con alguno de los t\u00e9rminos, le recomendamos no utilizar nuestro sitio. Uso del sitio 2.1 Este sitio web est\u00e1 destinado para el uso personal y no [&hellip;]","og_url":"https:\/\/quattrobiz.com\/en\/terminos-y-condiciones\/","og_site_name":"Quattro Business","article_modified_time":"2024-12-17T18:13:02+00:00","twitter_card":"summary_large_image","twitter_misc":{"Est. reading time":"1 minute"},"schema":{"@context":"https:\/\/schema.org","@graph":[{"@type":"WebPage","@id":"https:\/\/quattrobiz.com\/terminos-y-condiciones\/","url":"https:\/\/quattrobiz.com\/terminos-y-condiciones\/","name":"TERMS AND CONDITIONS","isPartOf":{"@id":"https:\/\/quattrobiz.com\/#website"},"datePublished":"2024-12-17T17:58:24+00:00","dateModified":"2024-12-17T18:13:02+00:00","breadcrumb":{"@id":"https:\/\/quattrobiz.com\/terminos-y-condiciones\/#breadcrumb"},"inLanguage":"en-US","potentialAction":[{"@type":"ReadAction","target":["https:\/\/quattrobiz.com\/terminos-y-condiciones\/"]}]},{"@type":"BreadcrumbList","@id":"https:\/\/quattrobiz.com\/terminos-y-condiciones\/#breadcrumb","itemListElement":[{"@type":"ListItem","position":1,"name":"Home","item":"https:\/\/quattrobiz.com\/"},{"@type":"ListItem","position":2,"name":"T\u00c9RMINOS Y CONDICIONES"}]},{"@type":"WebSite","@id":"https:\/\/quattrobiz.com\/#website","url":"https:\/\/quattrobiz.com\/","name":"Quattro Business","description":"Creando estrategias digitales 360 efectivas","publisher":{"@id":"https:\/\/quattrobiz.com\/#organization"},"potentialAction":[{"@type":"SearchAction","target":{"@type":"EntryPoint","urlTemplate":"https:\/\/quattrobiz.com\/?s={search_term_string}"},"query-input":{"@type":"PropertyValueSpecification","valueRequired":true,"valueName":"search_term_string"}}],"inLanguage":"en-US"},{"@type":"Organization","@id":"https:\/\/quattrobiz.com\/#organization","name":"Quattro Business","url":"https:\/\/quattrobiz.com\/","logo":{"@type":"ImageObject","inLanguage":"en-US","@id":"https:\/\/quattrobiz.com\/#\/schema\/logo\/image\/","url":"https:\/\/quattrobiz.com\/wp-content\/uploads\/2024\/12\/ICONO.png","contentUrl":"https:\/\/quattrobiz.com\/wp-content\/uploads\/2024\/12\/ICONO.png","width":512,"height":512,"caption":"Quattro Business"},"image":{"@id":"https:\/\/quattrobiz.com\/#\/schema\/logo\/image\/"}}]}},"_links":{"self":[{"href":"https:\/\/quattrobiz.com\/en\/wp-json\/wp\/v2\/pages\/2105","targetHints":{"allow":["GET"]}}],"collection":[{"href":"https:\/\/quattrobiz.com\/en\/wp-json\/wp\/v2\/pages"}],"about":[{"href":"https:\/\/quattrobiz.com\/en\/wp-json\/wp\/v2\/types\/page"}],"author":[{"embeddable":true,"href":"https:\/\/quattrobiz.com\/en\/wp-json\/wp\/v2\/users\/1"}],"replies":[{"embeddable":true,"href":"https:\/\/quattrobiz.com\/en\/wp-json\/wp\/v2\/comments?post=2105"}],"version-history":[{"count":0,"href":"https:\/\/quattrobiz.com\/en\/wp-json\/wp\/v2\/pages\/2105\/revisions"}],"wp:attachment":[{"href":"https:\/\/quattrobiz.com\/en\/wp-json\/wp\/v2\/media?parent=2105"}],"curies":[{"name":"wp","href":"https:\/\/api.w.org\/{rel}","templated":true}]}}