{"id":2118,"date":"2024-12-17T18:02:17","date_gmt":"2024-12-17T18:02:17","guid":{"rendered":"https:\/\/quattrobiz.com\/?page_id=2118"},"modified":"2024-12-17T18:03:14","modified_gmt":"2024-12-17T18:03:14","slug":"faq","status":"publish","type":"page","link":"https:\/\/quattrobiz.com\/en\/faq\/","title":{"rendered":"FAQ"},"content":{"rendered":"<div data-elementor-type=\"wp-page\" data-elementor-id=\"2118\" class=\"elementor elementor-2118\">\n\t\t\t\t<div class=\"elementor-element elementor-element-7df68109 e-flex e-con-boxed e-con e-parent\" data-id=\"7df68109\" data-element_type=\"container\">\n\t\t\t\t\t<div class=\"e-con-inner\">\n\t\t\t\t<div class=\"elementor-element elementor-element-5cd14a6 elementor-widget elementor-widget-heading\" data-id=\"5cd14a6\" data-element_type=\"widget\" data-widget_type=\"heading.default\">\n\t\t\t\t<div class=\"elementor-widget-container\">\n\t\t\t\t\t<h2 class=\"elementor-heading-title elementor-size-default\">FAQ<\/h2>\t\t\t\t<\/div>\n\t\t\t\t<\/div>\n\t\t\t\t<div class=\"elementor-element elementor-element-47bed74c elementor-widget elementor-widget-text-editor\" data-id=\"47bed74c\" data-element_type=\"widget\" data-widget_type=\"text-editor.default\">\n\t\t\t\t<div class=\"elementor-widget-container\">\n\t\t\t\t\t\t\t\t\t<p><span style=\"color: #ffffff;\"><\/span><\/p>\n<p><span style=\"color: #ffffff;\"><strong>How can I contact you?<\/strong> You can reach us through the contact form available on our website or by sending an email to <strong>info@quattrobiz.com<\/strong><\/span><\/p>\n<p><span style=\"color: #ffffff;\"><\/span><\/p>\n<p><span style=\"color: #ffffff;\"><strong>How long does it take to respond to inquiries?<\/strong> Our customer service team responds within 24 to 48 business hours.<\/span><\/p>\n<p><span style=\"color: #ffffff;\"><\/span><\/p>\n<p><span style=\"color: #ffffff;\"><strong>What types of businesses can work with Quattro?<\/strong><\/span><\/p>\n<p><span style=\"color: #ffffff;\"><\/span><\/p>\n<p><span style=\"color: #ffffff;\">We work with businesses of all sizes, from startups to large corporations. We tailor our solutions to meet the specific needs of each client.<\/span><\/p>\n<p><span style=\"color: #ffffff;\"><\/span><\/p>\n<p><span style=\"color: #ffffff;\"><strong>Do you offer strategic consulting for new brands?<\/strong><\/span><\/p>\n<p><span style=\"color: #ffffff;\"><\/span><\/p>\n<p><span style=\"color: #ffffff;\">Yes, we assist emerging brands in defining their identity, positioning themselves in the market, and developing strategies to connect with their audiences from the start.<\/span><\/p>\n<p><span style=\"color: #ffffff;\"><\/span><\/p>\n<p><span style=\"color: #ffffff;\"><strong>What sets Quattro apart from other service providers?<\/strong><\/span><\/p>\n<p><span style=\"color: #ffffff;\"><\/span><\/p>\n<p><span style=\"color: #ffffff;\">At Quattro, we stand out by integrating four fundamental pillars: <em>revenue management<\/em>, commercial leadership, digital marketing, and graphic design. This combination allows us to offer a unique, strategic, and personalized approach that drives sustainable business growth. We don\u2019t just provide specific solutions; we connect creativity, strategy, and measurable results to transform every project into tangible success.<\/span><\/p>\n<p><span style=\"color: #ffffff;\"><\/span><\/p>\n<p><span style=\"color: #ffffff;\"><strong>How do you protect my personal information?<\/strong> We adhere to strict security standards to ensure your personal information is protected. For more details, please refer to our Privacy Policy.<\/span><\/p>\n<p><span style=\"color: #ffffff;\"><\/span><\/p>\t\t\t\t\t\t\t\t<\/div>\n\t\t\t\t<\/div>\n\t\t\t\t\t<\/div>\n\t\t\t\t<\/div>\n\t\t\t\t<\/div>","protected":false},"excerpt":{"rendered":"<p>FAQ 1. \u00bfC\u00f3mo puedo contactarlos? Puedes comunicarse con nosotros a trav\u00e9s del formulario de contacto disponible en nuestro sitio web o enviando un correo electr\u00f3nico a info@quattrobiz.com 2. \u00bfCu\u00e1nto tiempo tardan en responder a las consultas? Nuestro equipo de atenci\u00f3n al cliente responde dentro de un plazo de 24 a 48 horas h\u00e1biles. 3. \u00bfQu\u00e9 [&hellip;]<\/p>","protected":false},"author":1,"featured_media":0,"parent":0,"menu_order":0,"comment_status":"closed","ping_status":"closed","template":"","meta":{"footnotes":""},"class_list":["post-2118","page","type-page","status-publish","hentry"],"blocksy_meta":[],"yoast_head":"<!-- This site is optimized with the Yoast SEO plugin v25.7 - https:\/\/yoast.com\/wordpress\/plugins\/seo\/ -->\n<title>FAQ<\/title>\n<meta name=\"robots\" content=\"index, follow, max-snippet:-1, max-image-preview:large, max-video-preview:-1\" \/>\n<link rel=\"canonical\" href=\"https:\/\/quattrobiz.com\/en\/faq\/\" \/>\n<meta property=\"og:locale\" content=\"en_US\" \/>\n<meta property=\"og:type\" content=\"article\" \/>\n<meta property=\"og:title\" content=\"FAQ\" \/>\n<meta property=\"og:description\" content=\"FAQ 1. \u00bfC\u00f3mo puedo contactarlos? Puedes comunicarse con nosotros a trav\u00e9s del formulario de contacto disponible en nuestro sitio web o enviando un correo electr\u00f3nico a info@quattrobiz.com 2. \u00bfCu\u00e1nto tiempo tardan en responder a las consultas? Nuestro equipo de atenci\u00f3n al cliente responde dentro de un plazo de 24 a 48 horas h\u00e1biles. 3. \u00bfQu\u00e9 [&hellip;]\" \/>\n<meta property=\"og:url\" content=\"https:\/\/quattrobiz.com\/en\/faq\/\" \/>\n<meta property=\"og:site_name\" content=\"Quattro Business\" \/>\n<meta property=\"article:modified_time\" content=\"2024-12-17T18:03:14+00:00\" \/>\n<meta name=\"twitter:card\" content=\"summary_large_image\" \/>\n<meta name=\"twitter:label1\" content=\"Est. reading time\" \/>\n\t<meta name=\"twitter:data1\" content=\"1 minute\" \/>\n<script type=\"application\/ld+json\" class=\"yoast-schema-graph\">{\"@context\":\"https:\/\/schema.org\",\"@graph\":[{\"@type\":\"WebPage\",\"@id\":\"https:\/\/quattrobiz.com\/faq\/\",\"url\":\"https:\/\/quattrobiz.com\/faq\/\",\"name\":\"FAQ\",\"isPartOf\":{\"@id\":\"https:\/\/quattrobiz.com\/#website\"},\"datePublished\":\"2024-12-17T18:02:17+00:00\",\"dateModified\":\"2024-12-17T18:03:14+00:00\",\"breadcrumb\":{\"@id\":\"https:\/\/quattrobiz.com\/faq\/#breadcrumb\"},\"inLanguage\":\"en-US\",\"potentialAction\":[{\"@type\":\"ReadAction\",\"target\":[\"https:\/\/quattrobiz.com\/faq\/\"]}]},{\"@type\":\"BreadcrumbList\",\"@id\":\"https:\/\/quattrobiz.com\/faq\/#breadcrumb\",\"itemListElement\":[{\"@type\":\"ListItem\",\"position\":1,\"name\":\"Home\",\"item\":\"https:\/\/quattrobiz.com\/\"},{\"@type\":\"ListItem\",\"position\":2,\"name\":\"FAQ\"}]},{\"@type\":\"WebSite\",\"@id\":\"https:\/\/quattrobiz.com\/#website\",\"url\":\"https:\/\/quattrobiz.com\/\",\"name\":\"Quattro Business\",\"description\":\"Creando estrategias digitales 360 efectivas\",\"publisher\":{\"@id\":\"https:\/\/quattrobiz.com\/#organization\"},\"potentialAction\":[{\"@type\":\"SearchAction\",\"target\":{\"@type\":\"EntryPoint\",\"urlTemplate\":\"https:\/\/quattrobiz.com\/?s={search_term_string}\"},\"query-input\":{\"@type\":\"PropertyValueSpecification\",\"valueRequired\":true,\"valueName\":\"search_term_string\"}}],\"inLanguage\":\"en-US\"},{\"@type\":\"Organization\",\"@id\":\"https:\/\/quattrobiz.com\/#organization\",\"name\":\"Quattro Business\",\"url\":\"https:\/\/quattrobiz.com\/\",\"logo\":{\"@type\":\"ImageObject\",\"inLanguage\":\"en-US\",\"@id\":\"https:\/\/quattrobiz.com\/#\/schema\/logo\/image\/\",\"url\":\"https:\/\/quattrobiz.com\/wp-content\/uploads\/2024\/12\/ICONO.png\",\"contentUrl\":\"https:\/\/quattrobiz.com\/wp-content\/uploads\/2024\/12\/ICONO.png\",\"width\":512,\"height\":512,\"caption\":\"Quattro Business\"},\"image\":{\"@id\":\"https:\/\/quattrobiz.com\/#\/schema\/logo\/image\/\"}}]}<\/script>\n<!-- \/ Yoast SEO plugin. -->","yoast_head_json":{"title":"FAQ","robots":{"index":"index","follow":"follow","max-snippet":"max-snippet:-1","max-image-preview":"max-image-preview:large","max-video-preview":"max-video-preview:-1"},"canonical":"https:\/\/quattrobiz.com\/en\/faq\/","og_locale":"en_US","og_type":"article","og_title":"FAQ","og_description":"FAQ 1. \u00bfC\u00f3mo puedo contactarlos? Puedes comunicarse con nosotros a trav\u00e9s del formulario de contacto disponible en nuestro sitio web o enviando un correo electr\u00f3nico a info@quattrobiz.com 2. \u00bfCu\u00e1nto tiempo tardan en responder a las consultas? Nuestro equipo de atenci\u00f3n al cliente responde dentro de un plazo de 24 a 48 horas h\u00e1biles. 3. \u00bfQu\u00e9 [&hellip;]","og_url":"https:\/\/quattrobiz.com\/en\/faq\/","og_site_name":"Quattro Business","article_modified_time":"2024-12-17T18:03:14+00:00","twitter_card":"summary_large_image","twitter_misc":{"Est. reading time":"1 minute"},"schema":{"@context":"https:\/\/schema.org","@graph":[{"@type":"WebPage","@id":"https:\/\/quattrobiz.com\/faq\/","url":"https:\/\/quattrobiz.com\/faq\/","name":"FAQ","isPartOf":{"@id":"https:\/\/quattrobiz.com\/#website"},"datePublished":"2024-12-17T18:02:17+00:00","dateModified":"2024-12-17T18:03:14+00:00","breadcrumb":{"@id":"https:\/\/quattrobiz.com\/faq\/#breadcrumb"},"inLanguage":"en-US","potentialAction":[{"@type":"ReadAction","target":["https:\/\/quattrobiz.com\/faq\/"]}]},{"@type":"BreadcrumbList","@id":"https:\/\/quattrobiz.com\/faq\/#breadcrumb","itemListElement":[{"@type":"ListItem","position":1,"name":"Home","item":"https:\/\/quattrobiz.com\/"},{"@type":"ListItem","position":2,"name":"FAQ"}]},{"@type":"WebSite","@id":"https:\/\/quattrobiz.com\/#website","url":"https:\/\/quattrobiz.com\/","name":"Quattro Business","description":"Creando estrategias digitales 360 efectivas","publisher":{"@id":"https:\/\/quattrobiz.com\/#organization"},"potentialAction":[{"@type":"SearchAction","target":{"@type":"EntryPoint","urlTemplate":"https:\/\/quattrobiz.com\/?s={search_term_string}"},"query-input":{"@type":"PropertyValueSpecification","valueRequired":true,"valueName":"search_term_string"}}],"inLanguage":"en-US"},{"@type":"Organization","@id":"https:\/\/quattrobiz.com\/#organization","name":"Quattro Business","url":"https:\/\/quattrobiz.com\/","logo":{"@type":"ImageObject","inLanguage":"en-US","@id":"https:\/\/quattrobiz.com\/#\/schema\/logo\/image\/","url":"https:\/\/quattrobiz.com\/wp-content\/uploads\/2024\/12\/ICONO.png","contentUrl":"https:\/\/quattrobiz.com\/wp-content\/uploads\/2024\/12\/ICONO.png","width":512,"height":512,"caption":"Quattro Business"},"image":{"@id":"https:\/\/quattrobiz.com\/#\/schema\/logo\/image\/"}}]}},"_links":{"self":[{"href":"https:\/\/quattrobiz.com\/en\/wp-json\/wp\/v2\/pages\/2118","targetHints":{"allow":["GET"]}}],"collection":[{"href":"https:\/\/quattrobiz.com\/en\/wp-json\/wp\/v2\/pages"}],"about":[{"href":"https:\/\/quattrobiz.com\/en\/wp-json\/wp\/v2\/types\/page"}],"author":[{"embeddable":true,"href":"https:\/\/quattrobiz.com\/en\/wp-json\/wp\/v2\/users\/1"}],"replies":[{"embeddable":true,"href":"https:\/\/quattrobiz.com\/en\/wp-json\/wp\/v2\/comments?post=2118"}],"version-history":[{"count":0,"href":"https:\/\/quattrobiz.com\/en\/wp-json\/wp\/v2\/pages\/2118\/revisions"}],"wp:attachment":[{"href":"https:\/\/quattrobiz.com\/en\/wp-json\/wp\/v2\/media?parent=2118"}],"curies":[{"name":"wp","href":"https:\/\/api.w.org\/{rel}","templated":true}]}}