{"id":3,"date":"2024-12-05T15:29:05","date_gmt":"2024-12-05T15:29:05","guid":{"rendered":"https:\/\/quattrobiz.com\/?page_id=3"},"modified":"2024-12-17T22:40:19","modified_gmt":"2024-12-17T22:40:19","slug":"politica-de-privacidad","status":"publish","type":"page","link":"https:\/\/quattrobiz.com\/en\/politica-de-privacidad\/","title":{"rendered":"PRIVACY POLICY"},"content":{"rendered":"<div data-elementor-type=\"wp-page\" data-elementor-id=\"3\" class=\"elementor elementor-3\">\n\t\t\t\t<div class=\"elementor-element elementor-element-1c345c29 e-flex e-con-boxed e-con e-parent\" data-id=\"1c345c29\" data-element_type=\"container\">\n\t\t\t\t\t<div class=\"e-con-inner\">\n\t\t\t\t<div class=\"elementor-element elementor-element-9a2eac7 elementor-widget elementor-widget-heading\" data-id=\"9a2eac7\" data-element_type=\"widget\" data-widget_type=\"heading.default\">\n\t\t\t\t<div class=\"elementor-widget-container\">\n\t\t\t\t\t<h1 class=\"elementor-heading-title elementor-size-default\">PRIVACY POLICY<\/h1>\t\t\t\t<\/div>\n\t\t\t\t<\/div>\n\t\t\t\t<div class=\"elementor-element elementor-element-4b37f343 elementor-widget elementor-widget-text-editor\" data-id=\"4b37f343\" data-element_type=\"widget\" data-widget_type=\"text-editor.default\">\n\t\t\t\t<div class=\"elementor-widget-container\">\n\t\t\t\t\t\t\t\t\t<p><span style=\"color: #ffffff;\"><\/span><\/p>\n<ol>\n<li><span style=\"color: #ffffff;\"><b> Introduction<\/b><b><br \/><\/b><span style=\"font-weight: 400;\">At Quattro, the privacy of our users is fundamental. This Privacy Policy explains how we collect, use, and protect your personal information when you interact with our website and services.<\/span><\/span><\/li>\n<li><span style=\"color: #ffffff;\"><b>\u00a0<\/b><\/span><\/li>\n<li><span style=\"color: #ffffff;\"><b> Information we collect<\/b><\/span><\/li>\n<\/ol>\n<ul>\n<li style=\"font-weight: 400;\" aria-level=\"1\"><span style=\"color: #ffffff;\"><b>Information provided by the user:<\/b><span style=\"font-weight: 400;\"> Data such as name, email address, phone number, or any other information you provide when filling out forms or communicating with us.\nAutomatic information: Browsing data such as IP address, browser type, pages visited, time spent on the site, among others, collected through cookies or other analytics tools.<\/span><\/span><\/li>\n<li style=\"font-weight: 400;\" aria-level=\"1\"><span style=\"color: #ffffff;\"><b>\u00a0<\/b><\/span><\/li>\n<li style=\"font-weight: 400;\" aria-level=\"1\"><span style=\"color: #ffffff;\"><b>Informaci\u00f3n autom\u00e1tica:<\/b><span style=\"font-weight: 400;\"> Datos de navegaci\u00f3n como direcci\u00f3n IP, tipo de navegador, p\u00e1ginas visitadas, tiempo en el sitio, entre otros, recopilados mediante cookies u otras herramientas de an\u00e1lisis.<\/span><\/span><\/li>\n<\/ul>\n<ol start=\"3\">\n<li><span style=\"color: #ffffff;\"><b> Use of Information<\/b><b><br \/><\/b><span style=\"font-weight: 400;\">We use your information to:<\/span><\/span><\/li>\n<li><span style=\"color: #ffffff;\">Provide our services and respond to your requests.<\/span><\/li>\n<li><span style=\"color: #ffffff;\">Improve the user experience on our site.<\/span><\/li>\n<li><span style=\"color: #ffffff;\">Send relevant information about our services, offers, and updates (always with your consent).<\/span><\/li>\n<\/ol>\n<ol start=\"4\">\n<li><span style=\"color: #ffffff;\"><b> Sharing information<\/b><b><br \/><\/b><span style=\"font-weight: 400;\">We do not share your personal information with third parties, except in the following cases:<\/span><\/span><\/li>\n<\/ol>\n<ul>\n<li style=\"font-weight: 400;\" aria-level=\"1\"><span style=\"font-weight: 400; color: #ffffff;\">When required by law or to comply with legal processes.<\/span><\/li>\n<li style=\"font-weight: 400;\" aria-level=\"1\"><span style=\"font-weight: 400; color: #ffffff;\">With service providers who assist us in our operations, always under strict confidentiality obligations.<\/span><\/li>\n<\/ul>\n<ol start=\"5\">\n<li><span style=\"color: #ffffff;\"><b> Protecting your information<\/b><b><br \/><\/b><span style=\"font-weight: 400;\">We implement technical, administrative, and physical measures to protect your personal information from unauthorized access, loss, or misuse.<\/span><\/span><\/li>\n<li><span style=\"color: #ffffff;\"><b>\u00a0<\/b><\/span><\/li>\n<li><span style=\"color: #ffffff;\"><b> Your rights<\/b><b><br \/><\/b><span style=\"font-weight: 400;\">You have the right to:<\/span><\/span><\/li>\n<\/ol>\n<ul>\n<li style=\"font-weight: 400;\" aria-level=\"1\"><span style=\"font-weight: 400; color: #ffffff;\">Access, correct, or delete your personal information.<\/span><\/li>\n<li style=\"font-weight: 400;\" aria-level=\"1\"><span style=\"font-weight: 400; color: #ffffff;\">Withdraw your consent for the use of your data at any time.<\/span><\/li>\n<li style=\"font-weight: 400;\" aria-level=\"1\"><span style=\"font-weight: 400; color: #ffffff;\">Request details about how we handle your information.<\/span><\/li>\n<\/ul>\n<ol start=\"7\">\n<li><span style=\"color: #ffffff;\"><b> Cookies<\/b><b><br \/><\/b><span style=\"font-weight: 400;\">Our site uses cookies to enhance functionality and improve your user experience. For more information, please refer to our <\/span><b>Cookies Policy<\/b><span style=\"font-weight: 400;\">.<\/span><\/span><\/li>\n<li><span style=\"color: #ffffff;\"><b>\u00a0<\/b><\/span><\/li>\n<li><span style=\"color: #ffffff;\"><b> Changes to the privacy policy<\/b><b><br \/><\/b><span style=\"font-weight: 400;\">We reserve the right to update this policy at any time. Any changes will be communicated through the publication of the updated version on this page.<\/span><\/span><\/li>\n<li><span style=\"color: #ffffff;\"><span style=\"font-weight: 400;\">\u00a0<\/span><\/span><\/li>\n<li><span style=\"color: #ffffff;\"><b> Contact<\/b><b><br \/><\/b><span style=\"font-weight: 400;\">If you have questions about this Privacy Policy, you can contact us at:<\/span><span style=\"font-weight: 400;\"><br \/><\/span><span style=\"font-weight: 400;\">info@quattrobiz.com<\/span><\/span><\/li>\n<\/ol>\n<p><span style=\"color: #ffffff;\"><\/span><\/p>\t\t\t\t\t\t\t\t<\/div>\n\t\t\t\t<\/div>\n\t\t\t\t\t<\/div>\n\t\t\t\t<\/div>\n\t\t\t\t<\/div>","protected":false},"excerpt":{"rendered":"<p>POL\u00cdTICAS DE PRIVACIDAD Introducci\u00f3nEn Quattro la privacidad de nuestros usuarios es fundamental. Esta Pol\u00edtica de Privacidad describe c\u00f3mo recopilamos, utilizamos y protegemos su informaci\u00f3n personal cuando interact\u00faa con nuestro sitio web y servicios. \u00a0 Informaci\u00f3n que recopilamos Informaci\u00f3n proporcionada por el usuario: Datos como nombre, correo electr\u00f3nico, n\u00famero de tel\u00e9fono o cualquier otro dato que [&hellip;]<\/p>","protected":false},"author":1,"featured_media":0,"parent":0,"menu_order":0,"comment_status":"closed","ping_status":"open","template":"","meta":{"footnotes":""},"class_list":["post-3","page","type-page","status-publish","hentry"],"blocksy_meta":[],"yoast_head":"<!-- This site is optimized with the Yoast SEO plugin v25.7 - https:\/\/yoast.com\/wordpress\/plugins\/seo\/ -->\n<title>POL\u00cdTICAS DE PRIVACIDAD<\/title>\n<meta name=\"robots\" content=\"index, follow, max-snippet:-1, max-image-preview:large, max-video-preview:-1\" \/>\n<link rel=\"canonical\" href=\"https:\/\/quattrobiz.com\/en\/politica-de-privacidad\/\" \/>\n<meta property=\"og:locale\" content=\"en_US\" \/>\n<meta property=\"og:type\" content=\"article\" \/>\n<meta property=\"og:title\" content=\"POL\u00cdTICAS DE PRIVACIDAD\" \/>\n<meta property=\"og:description\" content=\"POL\u00cdTICAS DE PRIVACIDAD Introducci\u00f3nEn Quattro la privacidad de nuestros usuarios es fundamental. Esta Pol\u00edtica de Privacidad describe c\u00f3mo recopilamos, utilizamos y protegemos su informaci\u00f3n personal cuando interact\u00faa con nuestro sitio web y servicios. \u00a0 Informaci\u00f3n que recopilamos Informaci\u00f3n proporcionada por el usuario: Datos como nombre, correo electr\u00f3nico, n\u00famero de tel\u00e9fono o cualquier otro dato que [&hellip;]\" \/>\n<meta property=\"og:url\" content=\"https:\/\/quattrobiz.com\/en\/politica-de-privacidad\/\" \/>\n<meta property=\"og:site_name\" content=\"Quattro Business\" \/>\n<meta property=\"article:modified_time\" content=\"2024-12-17T22:40:19+00:00\" \/>\n<meta name=\"twitter:card\" content=\"summary_large_image\" \/>\n<meta name=\"twitter:label1\" content=\"Est. reading time\" \/>\n\t<meta name=\"twitter:data1\" content=\"2 minutes\" \/>\n<script type=\"application\/ld+json\" class=\"yoast-schema-graph\">{\"@context\":\"https:\/\/schema.org\",\"@graph\":[{\"@type\":\"WebPage\",\"@id\":\"https:\/\/quattrobiz.com\/politica-de-privacidad\/\",\"url\":\"https:\/\/quattrobiz.com\/politica-de-privacidad\/\",\"name\":\"POL\u00cdTICAS DE PRIVACIDAD\",\"isPartOf\":{\"@id\":\"https:\/\/quattrobiz.com\/#website\"},\"datePublished\":\"2024-12-05T15:29:05+00:00\",\"dateModified\":\"2024-12-17T22:40:19+00:00\",\"breadcrumb\":{\"@id\":\"https:\/\/quattrobiz.com\/politica-de-privacidad\/#breadcrumb\"},\"inLanguage\":\"en-US\",\"potentialAction\":[{\"@type\":\"ReadAction\",\"target\":[\"https:\/\/quattrobiz.com\/politica-de-privacidad\/\"]}]},{\"@type\":\"BreadcrumbList\",\"@id\":\"https:\/\/quattrobiz.com\/politica-de-privacidad\/#breadcrumb\",\"itemListElement\":[{\"@type\":\"ListItem\",\"position\":1,\"name\":\"Home\",\"item\":\"https:\/\/quattrobiz.com\/\"},{\"@type\":\"ListItem\",\"position\":2,\"name\":\"POL\u00cdTICAS DE PRIVACIDAD\"}]},{\"@type\":\"WebSite\",\"@id\":\"https:\/\/quattrobiz.com\/#website\",\"url\":\"https:\/\/quattrobiz.com\/\",\"name\":\"Quattro Business\",\"description\":\"Creando estrategias digitales 360 efectivas\",\"publisher\":{\"@id\":\"https:\/\/quattrobiz.com\/#organization\"},\"potentialAction\":[{\"@type\":\"SearchAction\",\"target\":{\"@type\":\"EntryPoint\",\"urlTemplate\":\"https:\/\/quattrobiz.com\/?s={search_term_string}\"},\"query-input\":{\"@type\":\"PropertyValueSpecification\",\"valueRequired\":true,\"valueName\":\"search_term_string\"}}],\"inLanguage\":\"en-US\"},{\"@type\":\"Organization\",\"@id\":\"https:\/\/quattrobiz.com\/#organization\",\"name\":\"Quattro Business\",\"url\":\"https:\/\/quattrobiz.com\/\",\"logo\":{\"@type\":\"ImageObject\",\"inLanguage\":\"en-US\",\"@id\":\"https:\/\/quattrobiz.com\/#\/schema\/logo\/image\/\",\"url\":\"https:\/\/quattrobiz.com\/wp-content\/uploads\/2024\/12\/ICONO.png\",\"contentUrl\":\"https:\/\/quattrobiz.com\/wp-content\/uploads\/2024\/12\/ICONO.png\",\"width\":512,\"height\":512,\"caption\":\"Quattro Business\"},\"image\":{\"@id\":\"https:\/\/quattrobiz.com\/#\/schema\/logo\/image\/\"}}]}<\/script>\n<!-- \/ Yoast SEO plugin. -->","yoast_head_json":{"title":"PRIVACY POLICY","robots":{"index":"index","follow":"follow","max-snippet":"max-snippet:-1","max-image-preview":"max-image-preview:large","max-video-preview":"max-video-preview:-1"},"canonical":"https:\/\/quattrobiz.com\/en\/politica-de-privacidad\/","og_locale":"en_US","og_type":"article","og_title":"POL\u00cdTICAS DE PRIVACIDAD","og_description":"POL\u00cdTICAS DE PRIVACIDAD Introducci\u00f3nEn Quattro la privacidad de nuestros usuarios es fundamental. Esta Pol\u00edtica de Privacidad describe c\u00f3mo recopilamos, utilizamos y protegemos su informaci\u00f3n personal cuando interact\u00faa con nuestro sitio web y servicios. \u00a0 Informaci\u00f3n que recopilamos Informaci\u00f3n proporcionada por el usuario: Datos como nombre, correo electr\u00f3nico, n\u00famero de tel\u00e9fono o cualquier otro dato que [&hellip;]","og_url":"https:\/\/quattrobiz.com\/en\/politica-de-privacidad\/","og_site_name":"Quattro Business","article_modified_time":"2024-12-17T22:40:19+00:00","twitter_card":"summary_large_image","twitter_misc":{"Est. reading time":"2 minutes"},"schema":{"@context":"https:\/\/schema.org","@graph":[{"@type":"WebPage","@id":"https:\/\/quattrobiz.com\/politica-de-privacidad\/","url":"https:\/\/quattrobiz.com\/politica-de-privacidad\/","name":"PRIVACY POLICY","isPartOf":{"@id":"https:\/\/quattrobiz.com\/#website"},"datePublished":"2024-12-05T15:29:05+00:00","dateModified":"2024-12-17T22:40:19+00:00","breadcrumb":{"@id":"https:\/\/quattrobiz.com\/politica-de-privacidad\/#breadcrumb"},"inLanguage":"en-US","potentialAction":[{"@type":"ReadAction","target":["https:\/\/quattrobiz.com\/politica-de-privacidad\/"]}]},{"@type":"BreadcrumbList","@id":"https:\/\/quattrobiz.com\/politica-de-privacidad\/#breadcrumb","itemListElement":[{"@type":"ListItem","position":1,"name":"Home","item":"https:\/\/quattrobiz.com\/"},{"@type":"ListItem","position":2,"name":"POL\u00cdTICAS DE PRIVACIDAD"}]},{"@type":"WebSite","@id":"https:\/\/quattrobiz.com\/#website","url":"https:\/\/quattrobiz.com\/","name":"Quattro Business","description":"Creando estrategias digitales 360 efectivas","publisher":{"@id":"https:\/\/quattrobiz.com\/#organization"},"potentialAction":[{"@type":"SearchAction","target":{"@type":"EntryPoint","urlTemplate":"https:\/\/quattrobiz.com\/?s={search_term_string}"},"query-input":{"@type":"PropertyValueSpecification","valueRequired":true,"valueName":"search_term_string"}}],"inLanguage":"en-US"},{"@type":"Organization","@id":"https:\/\/quattrobiz.com\/#organization","name":"Quattro Business","url":"https:\/\/quattrobiz.com\/","logo":{"@type":"ImageObject","inLanguage":"en-US","@id":"https:\/\/quattrobiz.com\/#\/schema\/logo\/image\/","url":"https:\/\/quattrobiz.com\/wp-content\/uploads\/2024\/12\/ICONO.png","contentUrl":"https:\/\/quattrobiz.com\/wp-content\/uploads\/2024\/12\/ICONO.png","width":512,"height":512,"caption":"Quattro Business"},"image":{"@id":"https:\/\/quattrobiz.com\/#\/schema\/logo\/image\/"}}]}},"_links":{"self":[{"href":"https:\/\/quattrobiz.com\/en\/wp-json\/wp\/v2\/pages\/3","targetHints":{"allow":["GET"]}}],"collection":[{"href":"https:\/\/quattrobiz.com\/en\/wp-json\/wp\/v2\/pages"}],"about":[{"href":"https:\/\/quattrobiz.com\/en\/wp-json\/wp\/v2\/types\/page"}],"author":[{"embeddable":true,"href":"https:\/\/quattrobiz.com\/en\/wp-json\/wp\/v2\/users\/1"}],"replies":[{"embeddable":true,"href":"https:\/\/quattrobiz.com\/en\/wp-json\/wp\/v2\/comments?post=3"}],"version-history":[{"count":0,"href":"https:\/\/quattrobiz.com\/en\/wp-json\/wp\/v2\/pages\/3\/revisions"}],"wp:attachment":[{"href":"https:\/\/quattrobiz.com\/en\/wp-json\/wp\/v2\/media?parent=3"}],"curies":[{"name":"wp","href":"https:\/\/api.w.org\/{rel}","templated":true}]}}